{"id":50189,"date":"2025-11-29T08:34:59","date_gmt":"2025-11-29T05:34:59","guid":{"rendered":"https:\/\/labaiaatelier.com\/product\/malachite-necklace\/"},"modified":"2025-12-18T12:33:28","modified_gmt":"2025-12-18T09:33:28","slug":"malachite-necklace","status":"publish","type":"product","link":"https:\/\/labaiaatelier.com\/en\/product\/malachite-necklace\/","title":{"rendered":"Malachite Necklace"},"content":{"rendered":"<p>La Baia combines the luxurious texture of 925 sterling silver with minimalist elegance in its exclusive collection.<\/p>\n","protected":false},"excerpt":{"rendered":"<p>925 ayar G\u00fcm\u00fc\u015f<\/p>\n<p>Stone: Malachite<\/p>\n","protected":false},"featured_media":38314,"comment_status":"open","ping_status":"closed","template":"","meta":[],"product_brand":[204],"product_cat":[281,291,304],"product_tag":[],"class_list":{"0":"post-50189","1":"product","2":"type-product","3":"status-publish","4":"has-post-thumbnail","6":"product_brand-la-baia","7":"product_cat-925-silver","8":"product_cat-gemstone","9":"product_cat-necklace","11":"first","12":"instock","13":"sale","14":"taxable","15":"shipping-taxable","16":"purchasable","17":"product-type-simple"},"_links":{"self":[{"href":"https:\/\/labaiaatelier.com\/en\/wp-json\/wp\/v2\/product\/50189","targetHints":{"allow":["GET"]}}],"collection":[{"href":"https:\/\/labaiaatelier.com\/en\/wp-json\/wp\/v2\/product"}],"about":[{"href":"https:\/\/labaiaatelier.com\/en\/wp-json\/wp\/v2\/types\/product"}],"replies":[{"embeddable":true,"href":"https:\/\/labaiaatelier.com\/en\/wp-json\/wp\/v2\/comments?post=50189"}],"version-history":[{"count":1,"href":"https:\/\/labaiaatelier.com\/en\/wp-json\/wp\/v2\/product\/50189\/revisions"}],"predecessor-version":[{"id":50413,"href":"https:\/\/labaiaatelier.com\/en\/wp-json\/wp\/v2\/product\/50189\/revisions\/50413"}],"wp:featuredmedia":[{"embeddable":true,"href":"https:\/\/labaiaatelier.com\/en\/wp-json\/wp\/v2\/media\/38314"}],"wp:attachment":[{"href":"https:\/\/labaiaatelier.com\/en\/wp-json\/wp\/v2\/media?parent=50189"}],"wp:term":[{"taxonomy":"product_brand","embeddable":true,"href":"https:\/\/labaiaatelier.com\/en\/wp-json\/wp\/v2\/product_brand?post=50189"},{"taxonomy":"product_cat","embeddable":true,"href":"https:\/\/labaiaatelier.com\/en\/wp-json\/wp\/v2\/product_cat?post=50189"},{"taxonomy":"product_tag","embeddable":true,"href":"https:\/\/labaiaatelier.com\/en\/wp-json\/wp\/v2\/product_tag?post=50189"}],"curies":[{"name":"wp","href":"https:\/\/api.w.org\/{rel}","templated":true}]}}